{"id":160,"date":"2020-10-28T17:45:28","date_gmt":"2020-10-28T16:45:28","guid":{"rendered":"https:\/\/atelierlav.com\/?page_id=160"},"modified":"2025-12-05T18:09:02","modified_gmt":"2025-12-05T17:09:02","slug":"interieur","status":"publish","type":"page","link":"https:\/\/www.atelierlav.com\/en\/interieur\/","title":{"rendered":"Interior"},"content":{"rendered":"<hr class=\"wp-block-separator has-css-opacity is-style-dots\"\/>\n\n\n\n<div style=\"height:30px\" aria-hidden=\"true\" class=\"wp-block-spacer\"><\/div>\n\n\n\n<style type=\"text\/css\">\n#foogallery-gallery-1910 .fg-image { width: 170px; }\n#foogallery-gallery-1910 { --fg-gutter: 10px; }<\/style>\n\t\t\t<div class=\"foogallery foogallery-container foogallery-default foogallery-lightbox-foobox fg-center fg-default fg-ready fg-light fg-loading-default fg-loaded-fade-in fg-hover-fade fg-hover-eye fg-light-overlays\" id=\"foogallery-gallery-1910\" data-foogallery=\"{&quot;item&quot;:{&quot;showCaptionTitle&quot;:true,&quot;showCaptionDescription&quot;:false},&quot;lazy&quot;:true}\" style=\"--fg-title-line-clamp: 0; --fg-description-line-clamp: 0;\" >\n\t<div class=\"fg-item fg-type-image fg-idle\"><figure class=\"fg-item-inner\"><a href=\"https:\/\/www.atelierlav.com\/wp-content\/uploads\/2021\/12\/A7287972-185B-43C5-B9E1-3186547A2268.jpeg\" data-caption-title=\"Gebleichter Polster\u00fcberzug\" data-attachment-id=\"2053\" data-type=\"image\" class=\"fg-thumb\"><span class=\"fg-image-wrap\"><img decoding=\"async\" width=\"170\" height=\"170\" class=\"skip-lazy fg-image\" data-src-fg=\"https:\/\/www.atelierlav.com\/wp-content\/uploads\/cache\/2021\/12\/A7287972-185B-43C5-B9E1-3186547A2268\/4109553821.jpeg\" src=\"data:image\/svg+xml,%3Csvg%20xmlns%3D%22http%3A%2F%2Fwww.w3.org%2F2000%2Fsvg%22%20width%3D%22170%22%20height%3D%22170%22%20viewBox%3D%220%200%20170%20170%22%3E%3C%2Fsvg%3E\" loading=\"eager\"><\/span><span class=\"fg-image-overlay\"><\/span><\/a><figcaption class=\"fg-caption\"><div class=\"fg-caption-inner\"><div class=\"fg-caption-title\">bleached pillow case<\/div><\/div><\/figcaption><\/figure><div class=\"fg-loader\"><\/div><\/div><\/div>\n\n\n\n\n<div style=\"height:30px\" aria-hidden=\"true\" class=\"wp-block-spacer\"><\/div>\n\n\n\n<p class=\"has-text-align-center\">BLEACHED PILLOW CASE<br>from \u20ac 45.-<br>Chic pillow case bleached by hand.<br>Created from organic cotton.<br>Different colours and patterns possible.<br>All sizes.<\/p>\n\n\n\n<div style=\"height:100px\" aria-hidden=\"true\" class=\"wp-block-spacer\"><\/div>\n\n\n<style type=\"text\/css\">\n#foogallery-gallery-2055 .fg-image { width: 170px; }\n#foogallery-gallery-2055 { --fg-gutter: 10px; }<\/style>\n\t\t\t<div class=\"foogallery foogallery-container foogallery-default foogallery-lightbox-foobox fg-center fg-default fg-ready fg-light fg-loading-default fg-loaded-fade-in fg-hover-fade fg-hover-eye fg-light-overlays\" id=\"foogallery-gallery-2055\" data-foogallery=\"{&quot;item&quot;:{&quot;showCaptionTitle&quot;:true,&quot;showCaptionDescription&quot;:false},&quot;lazy&quot;:true}\" style=\"--fg-title-line-clamp: 0; --fg-description-line-clamp: 0;\" >\n\t<div class=\"fg-item fg-type-image fg-idle\"><figure class=\"fg-item-inner\"><a href=\"https:\/\/www.atelierlav.com\/wp-content\/uploads\/2021\/12\/354B02F8-6D52-4698-89E4-9B15EADF1111.png\" data-caption-title=\"Sitzkissen\" data-attachment-id=\"2054\" data-type=\"image\" class=\"fg-thumb\"><span class=\"fg-image-wrap\"><img decoding=\"async\" width=\"170\" height=\"170\" class=\"skip-lazy fg-image\" data-src-fg=\"https:\/\/www.atelierlav.com\/wp-content\/uploads\/cache\/2021\/12\/354B02F8-6D52-4698-89E4-9B15EADF1111\/3827211304.png\" src=\"data:image\/svg+xml,%3Csvg%20xmlns%3D%22http%3A%2F%2Fwww.w3.org%2F2000%2Fsvg%22%20width%3D%22170%22%20height%3D%22170%22%20viewBox%3D%220%200%20170%20170%22%3E%3C%2Fsvg%3E\" loading=\"eager\"><\/span><span class=\"fg-image-overlay\"><\/span><\/a><figcaption class=\"fg-caption\"><div class=\"fg-caption-inner\"><div class=\"fg-caption-title\">sitting cushion<\/div><\/div><\/figcaption><\/figure><div class=\"fg-loader\"><\/div><\/div><\/div>\n\n\n\n\n<div style=\"height:30px\" aria-hidden=\"true\" class=\"wp-block-spacer\"><\/div>\n\n\n\n<p class=\"has-text-align-center\">SITTING CUSHION<br>from \u20ac 65.-<br>A comfortable sitting cushion for dining, chilling or meditating.<br>Created from biological or second hand materials, filling on demand.<br>Possible in different colours, colourations and patterns.<br>All sizes.<\/p>\n\n\n\n<div style=\"height:100px\" aria-hidden=\"true\" class=\"wp-block-spacer\"><\/div>\n\n\n<style type=\"text\/css\">\n#foogallery-gallery-233 .fg-image { width: 170px; }<\/style>\n\t\t\t<div class=\"foogallery foogallery-container foogallery-carousel foogallery-lightbox-foobox fg-carousel-hide-pagination fg-carousel-hide-progress-bar fg-carousel fg-ready fg-light fg-loading-default fg-loaded-fade-in fg-hover-fade fg-hover-eye fg-light-overlays\" id=\"foogallery-gallery-233\" data-foogallery=\"{&quot;item&quot;:{&quot;showCaptionTitle&quot;:true,&quot;showCaptionDescription&quot;:false},&quot;lazy&quot;:true,&quot;template&quot;:{&quot;maxItems&quot;:9,&quot;scale&quot;:0.12,&quot;gutter&quot;:{&quot;min&quot;:-40,&quot;max&quot;:-20,&quot;unit&quot;:&quot;%&quot;},&quot;autoplay&quot;:{&quot;time&quot;:0,&quot;interaction&quot;:&quot;pause&quot;},&quot;centerOnClick&quot;:true,&quot;align&quot;:&quot;center&quot;,&quot;activePosition&quot;:&quot;center&quot;}}\" style=\"--fg-title-line-clamp: 0; --fg-description-line-clamp: 0;\" >\n\t<button type=\"button\" class=\"fg-carousel-prev\" title=\"Previous\"><\/button>\n\t<div class=\"fg-carousel-inner\">\n\t\t<div class=\"fg-carousel-center\"><\/div>\n\t\t<div class=\"fg-item fg-type-image fg-idle\"><figure class=\"fg-item-inner\"><a href=\"https:\/\/www.atelierlav.com\/wp-content\/uploads\/2025\/04\/IMG_0643-scaled.jpeg\" data-caption-title=\"Zirben-Lavendel-Eule bunt vorne\" data-attachment-id=\"5101\" data-type=\"image\" class=\"fg-thumb\"><span class=\"fg-image-wrap\"><img decoding=\"async\" width=\"170\" height=\"170\" class=\"skip-lazy fg-image\" data-src-fg=\"https:\/\/www.atelierlav.com\/wp-content\/uploads\/cache\/2025\/04\/IMG_0643-scaled\/2715997671.jpeg\" src=\"data:image\/svg+xml,%3Csvg%20xmlns%3D%22http%3A%2F%2Fwww.w3.org%2F2000%2Fsvg%22%20width%3D%22170%22%20height%3D%22170%22%20viewBox%3D%220%200%20170%20170%22%3E%3C%2Fsvg%3E\" loading=\"eager\"><\/span><span class=\"fg-image-overlay\"><\/span><\/a><figcaption class=\"fg-caption\"><div class=\"fg-caption-inner\"><div class=\"fg-caption-title\">Zirben-Lavendel-Eule bunt vorne<\/div><\/div><\/figcaption><\/figure><div class=\"fg-loader\"><\/div><\/div><div class=\"fg-item fg-type-image fg-idle\"><figure class=\"fg-item-inner\"><a href=\"https:\/\/www.atelierlav.com\/wp-content\/uploads\/2021\/02\/IMG_6143-scaled.jpg\" data-caption-title=\"Zirben-Lavendel-Eule grau mit Bienen vorne\" data-attachment-id=\"1188\" data-type=\"image\" class=\"fg-thumb\"><span class=\"fg-image-wrap\"><img decoding=\"async\" width=\"170\" height=\"170\" class=\"skip-lazy fg-image\" data-src-fg=\"https:\/\/www.atelierlav.com\/wp-content\/uploads\/cache\/2021\/02\/IMG_6143-scaled\/1616713163.jpg\" src=\"data:image\/svg+xml,%3Csvg%20xmlns%3D%22http%3A%2F%2Fwww.w3.org%2F2000%2Fsvg%22%20width%3D%22170%22%20height%3D%22170%22%20viewBox%3D%220%200%20170%20170%22%3E%3C%2Fsvg%3E\" loading=\"eager\"><\/span><span class=\"fg-image-overlay\"><\/span><\/a><figcaption class=\"fg-caption\"><div class=\"fg-caption-inner\"><div class=\"fg-caption-title\">front of a grey stone pine and lavender owl with bee pattern<\/div><\/div><\/figcaption><\/figure><div class=\"fg-loader\"><\/div><\/div><div class=\"fg-item fg-type-image fg-idle\"><figure class=\"fg-item-inner\"><a href=\"https:\/\/www.atelierlav.com\/wp-content\/uploads\/2021\/02\/IMG_6144-scaled.jpg\" data-caption-title=\"Zirben-Lavendel-Eule grau mit Bienen hinten\" data-attachment-id=\"1189\" data-type=\"image\" class=\"fg-thumb\"><span class=\"fg-image-wrap\"><img decoding=\"async\" width=\"170\" height=\"170\" class=\"skip-lazy fg-image\" data-src-fg=\"https:\/\/www.atelierlav.com\/wp-content\/uploads\/cache\/2021\/02\/IMG_6144-scaled\/751670020.jpg\" src=\"data:image\/svg+xml,%3Csvg%20xmlns%3D%22http%3A%2F%2Fwww.w3.org%2F2000%2Fsvg%22%20width%3D%22170%22%20height%3D%22170%22%20viewBox%3D%220%200%20170%20170%22%3E%3C%2Fsvg%3E\" loading=\"eager\"><\/span><span class=\"fg-image-overlay\"><\/span><\/a><figcaption class=\"fg-caption\"><div class=\"fg-caption-inner\"><div class=\"fg-caption-title\">back of a grey stone pine and lavender owl with bee pattern<\/div><\/div><\/figcaption><\/figure><div class=\"fg-loader\"><\/div><\/div><div class=\"fg-item fg-type-image fg-idle\"><figure class=\"fg-item-inner\"><a href=\"https:\/\/www.atelierlav.com\/wp-content\/uploads\/2020\/10\/ZLE-N-1-scaled.jpg\" data-caption-title=\"Zirben-Lavendel-Eule rot vorne\" data-attachment-id=\"177\" data-type=\"image\" class=\"fg-thumb\"><span class=\"fg-image-wrap\"><img decoding=\"async\" width=\"170\" height=\"170\" class=\"skip-lazy fg-image\" data-src-fg=\"https:\/\/www.atelierlav.com\/wp-content\/uploads\/cache\/2020\/10\/ZLE-N-1-scaled\/1851869548.jpg\" src=\"data:image\/svg+xml,%3Csvg%20xmlns%3D%22http%3A%2F%2Fwww.w3.org%2F2000%2Fsvg%22%20width%3D%22170%22%20height%3D%22170%22%20viewBox%3D%220%200%20170%20170%22%3E%3C%2Fsvg%3E\" loading=\"eager\"><\/span><span class=\"fg-image-overlay\"><\/span><\/a><figcaption class=\"fg-caption\"><div class=\"fg-caption-inner\"><div class=\"fg-caption-title\">front of a red stone pine and lavender owl<\/div><\/div><\/figcaption><\/figure><div class=\"fg-loader\"><\/div><\/div><div class=\"fg-item fg-type-image fg-idle\"><figure class=\"fg-item-inner\"><a href=\"https:\/\/www.atelierlav.com\/wp-content\/uploads\/2020\/10\/ZLE-A-scaled.jpg\" data-caption-title=\"Zirben-Lavendel-Eule blau kariert vorne\" data-attachment-id=\"176\" data-type=\"image\" class=\"fg-thumb\"><span class=\"fg-image-wrap\"><img decoding=\"async\" width=\"170\" height=\"170\" class=\"skip-lazy fg-image\" data-src-fg=\"https:\/\/www.atelierlav.com\/wp-content\/uploads\/cache\/2020\/10\/ZLE-A-scaled\/2930414802.jpg\" src=\"data:image\/svg+xml,%3Csvg%20xmlns%3D%22http%3A%2F%2Fwww.w3.org%2F2000%2Fsvg%22%20width%3D%22170%22%20height%3D%22170%22%20viewBox%3D%220%200%20170%20170%22%3E%3C%2Fsvg%3E\" loading=\"eager\"><\/span><span class=\"fg-image-overlay\"><\/span><\/a><figcaption class=\"fg-caption\"><div class=\"fg-caption-inner\"><div class=\"fg-caption-title\">front of a blue chequered stone pine and lavendel owl<\/div><\/div><\/figcaption><\/figure><div class=\"fg-loader\"><\/div><\/div>\t<\/div>\n\t<div class=\"fg-carousel-bottom\"><\/div>\n\t<div class=\"fg-carousel-progress\"><\/div>\n\t<button type=\"button\" class=\"fg-carousel-next\" title=\"Next\"><\/button>\n<\/div>\n\n\n<div style=\"height:30px\" aria-hidden=\"true\" class=\"wp-block-spacer\"><\/div>\n\n\n\n<p class=\"has-text-align-center\">STONE PINE and LAVENDER OWL<br>from \u20ac 55.-<br>An owl pillow (biological cotton inside and outside pillow), filled with biological stone pine chips and biological dried lavender blossoms.<br>Different colours and patterns possible.<br>All sizes.<\/p>\n\n\n\n<p class=\"has-text-align-center\"><\/p>\n\n\n\n<div style=\"height:30px\" aria-hidden=\"true\" class=\"wp-block-spacer\"><\/div>\n\n\n\n<hr class=\"wp-block-separator has-css-opacity is-style-dots\"\/>\n\n\n\n<div style=\"height:30px\" aria-hidden=\"true\" class=\"wp-block-spacer\"><\/div>\n\n\n\n<p>Each textile product is a unique piece, individually and consciously created from high-quality and sustainable materials.<\/p>\n\n\n\n<p>The materials for all products have to fulfill the criteria of high quality and sustainability. I especially use European or certified products, biological and organic fabrics as well as second hand clothing and sustainable accessories. I particularly focus on the creation of <a href=\"https:\/\/www.atelierlav.com\/plastikfrei\">completely plastic free products<\/a>.<\/p>\n\n\n\n<p>All pieces that are presented on this website are already sold or given away as a present. But you can order each product <a rel=\"noreferrer noopener\" href=\"https:\/\/www.atelierlav.com\/atelier-lav\/kontakt-und-bestellungen\/\" target=\"_blank\">contacting me directly via email.<\/a> Moreover I offer a curated selection of already manufactured products in my&nbsp;<a rel=\"noreferrer noopener\" href=\"https:\/\/www.etsy.com\/shop\/AtelierLAV\" target=\"_blank\">Shop<\/a>&nbsp;on Etsy.<\/p>","protected":false},"excerpt":{"rendered":"<p>GEBLEICHTER POLSTER\u00dcBERZUGab \u20ac 45.-Schicker Polster\u00fcberzug, von Hand gebleicht.Aus Bio-Baumwolle.In verschiedenen Farben und Mustern m\u00f6glich.Alle Gr\u00f6\u00dfen. &hellip; <\/p>","protected":false},"author":1,"featured_media":0,"parent":0,"menu_order":3,"comment_status":"closed","ping_status":"closed","template":"","meta":{"footnotes":""},"class_list":["post-160","page","type-page","status-publish","hentry"],"jetpack_sharing_enabled":true,"_links":{"self":[{"href":"https:\/\/www.atelierlav.com\/en\/wp-json\/wp\/v2\/pages\/160","targetHints":{"allow":["GET"]}}],"collection":[{"href":"https:\/\/www.atelierlav.com\/en\/wp-json\/wp\/v2\/pages"}],"about":[{"href":"https:\/\/www.atelierlav.com\/en\/wp-json\/wp\/v2\/types\/page"}],"author":[{"embeddable":true,"href":"https:\/\/www.atelierlav.com\/en\/wp-json\/wp\/v2\/users\/1"}],"replies":[{"embeddable":true,"href":"https:\/\/www.atelierlav.com\/en\/wp-json\/wp\/v2\/comments?post=160"}],"version-history":[{"count":85,"href":"https:\/\/www.atelierlav.com\/en\/wp-json\/wp\/v2\/pages\/160\/revisions"}],"predecessor-version":[{"id":5286,"href":"https:\/\/www.atelierlav.com\/en\/wp-json\/wp\/v2\/pages\/160\/revisions\/5286"}],"wp:attachment":[{"href":"https:\/\/www.atelierlav.com\/en\/wp-json\/wp\/v2\/media?parent=160"}],"curies":[{"name":"wp","href":"https:\/\/api.w.org\/{rel}","templated":true}]}}