{"id":2590,"date":"2022-08-22T10:17:28","date_gmt":"2022-08-22T09:17:28","guid":{"rendered":"https:\/\/www.atelierlav.com\/?page_id=2590"},"modified":"2025-12-05T17:57:39","modified_gmt":"2025-12-05T16:57:39","slug":"badeanzuege-und-waesche","status":"publish","type":"page","link":"https:\/\/www.atelierlav.com\/en\/kleidung\/badeanzuege-und-waesche\/","title":{"rendered":"Lingerie and Swimwear"},"content":{"rendered":"<hr class=\"wp-block-separator has-alpha-channel-opacity is-style-dots\"\/>\n\n\n\n<div style=\"height:30px\" aria-hidden=\"true\" class=\"wp-block-spacer\"><\/div>\n\n\n<style type=\"text\/css\">\n#foogallery-gallery-3406 .fg-image { width: 170px; }<\/style>\n\t\t\t<div class=\"foogallery foogallery-container foogallery-carousel foogallery-lightbox-foobox fg-carousel-hide-pagination fg-carousel-hide-progress-bar fg-carousel fg-ready fg-light fg-loading-default fg-loaded-fade-in fg-hover-fade fg-hover-eye fg-light-overlays\" id=\"foogallery-gallery-3406\" data-foogallery=\"{&quot;item&quot;:{&quot;showCaptionTitle&quot;:true,&quot;showCaptionDescription&quot;:false},&quot;lazy&quot;:true,&quot;template&quot;:{&quot;maxItems&quot;:9,&quot;scale&quot;:0.12,&quot;gutter&quot;:{&quot;min&quot;:-40,&quot;max&quot;:-20,&quot;unit&quot;:&quot;%&quot;},&quot;autoplay&quot;:{&quot;time&quot;:0,&quot;interaction&quot;:&quot;pause&quot;},&quot;centerOnClick&quot;:true,&quot;align&quot;:&quot;center&quot;,&quot;activePosition&quot;:&quot;center&quot;}}\" style=\"--fg-title-line-clamp: 0; --fg-description-line-clamp: 0;\" >\n\t<button type=\"button\" class=\"fg-carousel-prev\" title=\"Previous\"><\/button>\n\t<div class=\"fg-carousel-inner\">\n\t\t<div class=\"fg-carousel-center\"><\/div>\n\t\t<div class=\"fg-item fg-type-image fg-idle\"><figure class=\"fg-item-inner\"><a href=\"https:\/\/www.atelierlav.com\/wp-content\/uploads\/2023\/03\/46E93CDF-EDD8-4810-9CA3-CC8E97302EC0.jpeg\" data-caption-title=\"T\u00fcll Schn\u00fcrdl-W\u00e4sche, Cord-Scrunchie und -Chino - alles Baumwolle und natur (plastikfrei)\" data-attachment-id=\"3536\" data-type=\"image\" class=\"fg-thumb\"><span class=\"fg-image-wrap\"><img decoding=\"async\" width=\"170\" height=\"170\" class=\"skip-lazy fg-image\" data-src-fg=\"https:\/\/www.atelierlav.com\/wp-content\/uploads\/cache\/2023\/03\/46E93CDF-EDD8-4810-9CA3-CC8E97302EC0\/766974996.jpeg\" src=\"data:image\/svg+xml,%3Csvg%20xmlns%3D%22http%3A%2F%2Fwww.w3.org%2F2000%2Fsvg%22%20width%3D%22170%22%20height%3D%22170%22%20viewBox%3D%220%200%20170%20170%22%3E%3C%2Fsvg%3E\" loading=\"eager\"><\/span><span class=\"fg-image-overlay\"><\/span><\/a><figcaption class=\"fg-caption\"><div class=\"fg-caption-inner\"><div class=\"fg-caption-title\">tulle lace lingerie, cord srunchie and chino - all cotton and ecru (plastic free)<\/div><\/div><\/figcaption><\/figure><div class=\"fg-loader\"><\/div><\/div><div class=\"fg-item fg-type-image fg-idle\"><figure class=\"fg-item-inner\"><a href=\"https:\/\/www.atelierlav.com\/wp-content\/uploads\/2023\/03\/B0BAE8DC-58E6-4D51-97B9-AC755C0B1DAA.jpeg\" data-caption-title=\"Light\/Lines - Schn\u00fcrdl-W\u00e4sche, Langarmshirt und Leggings T\u00fcll\" data-attachment-id=\"3552\" data-type=\"image\" class=\"fg-thumb\"><span class=\"fg-image-wrap\"><img decoding=\"async\" width=\"170\" height=\"170\" class=\"skip-lazy fg-image\" data-src-fg=\"https:\/\/www.atelierlav.com\/wp-content\/uploads\/cache\/2023\/03\/B0BAE8DC-58E6-4D51-97B9-AC755C0B1DAA\/4073233981.jpeg\" src=\"data:image\/svg+xml,%3Csvg%20xmlns%3D%22http%3A%2F%2Fwww.w3.org%2F2000%2Fsvg%22%20width%3D%22170%22%20height%3D%22170%22%20viewBox%3D%220%200%20170%20170%22%3E%3C%2Fsvg%3E\" loading=\"eager\"><\/span><span class=\"fg-image-overlay\"><\/span><\/a><figcaption class=\"fg-caption\"><div class=\"fg-caption-inner\"><div class=\"fg-caption-title\">Light\/Lines - lace lingerie, long sleeve shirt and leggings tulle<\/div><\/div><\/figcaption><\/figure><div class=\"fg-loader\"><\/div><\/div><div class=\"fg-item fg-type-image fg-idle\"><figure class=\"fg-item-inner\"><a href=\"https:\/\/www.atelierlav.com\/wp-content\/uploads\/2023\/02\/FEF0E838-2ED3-4997-873A-CF9DBDC229EE.jpeg\" data-caption-title=\"Schn\u00fcrdl-W\u00e4sche Baumwoll-T\u00fcll natur (plastikfrei)\" data-attachment-id=\"3414\" data-type=\"image\" class=\"fg-thumb\"><span class=\"fg-image-wrap\"><img decoding=\"async\" width=\"170\" height=\"170\" class=\"skip-lazy fg-image\" data-src-fg=\"https:\/\/www.atelierlav.com\/wp-content\/uploads\/cache\/2023\/02\/FEF0E838-2ED3-4997-873A-CF9DBDC229EE\/385627697.jpeg\" src=\"data:image\/svg+xml,%3Csvg%20xmlns%3D%22http%3A%2F%2Fwww.w3.org%2F2000%2Fsvg%22%20width%3D%22170%22%20height%3D%22170%22%20viewBox%3D%220%200%20170%20170%22%3E%3C%2Fsvg%3E\" loading=\"eager\"><\/span><span class=\"fg-image-overlay\"><\/span><\/a><figcaption class=\"fg-caption\"><div class=\"fg-caption-inner\"><div class=\"fg-caption-title\">cotton tulle lace lingerie ecru (plastic free)<\/div><\/div><\/figcaption><\/figure><div class=\"fg-loader\"><\/div><\/div><div class=\"fg-item fg-type-image fg-idle\"><figure class=\"fg-item-inner\"><a href=\"https:\/\/www.atelierlav.com\/wp-content\/uploads\/2023\/03\/6FC9CAF0-2B3A-4F3E-A275-C2C7AECE09CC-scaled.jpeg\" data-caption-title=\"Light\/Lines - Schn\u00fcrdl-W\u00e4sche, Scrunchie und Langarmshirt T\u00fcll, Cord-Chino\" data-attachment-id=\"3559\" data-type=\"image\" class=\"fg-thumb\"><span class=\"fg-image-wrap\"><img decoding=\"async\" width=\"170\" height=\"170\" class=\"skip-lazy fg-image\" data-src-fg=\"https:\/\/www.atelierlav.com\/wp-content\/uploads\/cache\/2023\/03\/6FC9CAF0-2B3A-4F3E-A275-C2C7AECE09CC-scaled\/6612944.jpeg\" src=\"data:image\/svg+xml,%3Csvg%20xmlns%3D%22http%3A%2F%2Fwww.w3.org%2F2000%2Fsvg%22%20width%3D%22170%22%20height%3D%22170%22%20viewBox%3D%220%200%20170%20170%22%3E%3C%2Fsvg%3E\" loading=\"eager\"><\/span><span class=\"fg-image-overlay\"><\/span><\/a><figcaption class=\"fg-caption\"><div class=\"fg-caption-inner\"><div class=\"fg-caption-title\">Light\/Lines - lace lingerie, scrunchie and long sleeve shirt tulle, cord chino<\/div><\/div><\/figcaption><\/figure><div class=\"fg-loader\"><\/div><\/div><div class=\"fg-item fg-type-image fg-idle\"><figure class=\"fg-item-inner\"><a href=\"https:\/\/www.atelierlav.com\/wp-content\/uploads\/2023\/03\/AD13973D-A646-4D23-B07E-AE27A0233397.jpeg\" data-caption-title=\"Schn\u00fcrdl-W\u00e4sche und \u00e4rmelloses Shirt T\u00fcll, Cord-Scrunchie und -Chino - alles Baumwolle und natur (plastikfrei)\" data-attachment-id=\"3541\" data-type=\"image\" class=\"fg-thumb\"><span class=\"fg-image-wrap\"><img decoding=\"async\" width=\"170\" height=\"170\" class=\"skip-lazy fg-image\" data-src-fg=\"https:\/\/www.atelierlav.com\/wp-content\/uploads\/cache\/2023\/03\/AD13973D-A646-4D23-B07E-AE27A0233397\/3371356694.jpeg\" src=\"data:image\/svg+xml,%3Csvg%20xmlns%3D%22http%3A%2F%2Fwww.w3.org%2F2000%2Fsvg%22%20width%3D%22170%22%20height%3D%22170%22%20viewBox%3D%220%200%20170%20170%22%3E%3C%2Fsvg%3E\" loading=\"eager\"><\/span><span class=\"fg-image-overlay\"><\/span><\/a><figcaption class=\"fg-caption\"><div class=\"fg-caption-inner\"><div class=\"fg-caption-title\">lace lingerie and sleeveless shirt tulle, cord scrunchie and chino - all cotton and ecru (plastic free)<\/div><\/div><\/figcaption><\/figure><div class=\"fg-loader\"><\/div><\/div><div class=\"fg-item fg-type-image fg-idle\"><figure class=\"fg-item-inner\"><a href=\"https:\/\/www.atelierlav.com\/wp-content\/uploads\/2023\/02\/DE189968-3FD7-49D5-9015-D7DEF1E6CA15.jpeg\" data-caption-title=\"Schn\u00fcrdl-W\u00e4sche Baumwoll-Interlock-Jersey schwarz\" data-attachment-id=\"3402\" data-type=\"image\" class=\"fg-thumb\"><span class=\"fg-image-wrap\"><img decoding=\"async\" width=\"170\" height=\"170\" class=\"skip-lazy fg-image\" data-src-fg=\"https:\/\/www.atelierlav.com\/wp-content\/uploads\/cache\/2023\/02\/DE189968-3FD7-49D5-9015-D7DEF1E6CA15\/420164713.jpeg\" src=\"data:image\/svg+xml,%3Csvg%20xmlns%3D%22http%3A%2F%2Fwww.w3.org%2F2000%2Fsvg%22%20width%3D%22170%22%20height%3D%22170%22%20viewBox%3D%220%200%20170%20170%22%3E%3C%2Fsvg%3E\" loading=\"eager\"><\/span><span class=\"fg-image-overlay\"><\/span><\/a><figcaption class=\"fg-caption\"><div class=\"fg-caption-inner\"><div class=\"fg-caption-title\">lace lingerie black interlock cotton jersey<\/div><\/div><\/figcaption><\/figure><div class=\"fg-loader\"><\/div><\/div>\t<\/div>\n\t<div class=\"fg-carousel-bottom\"><\/div>\n\t<div class=\"fg-carousel-progress\"><\/div>\n\t<button type=\"button\" class=\"fg-carousel-next\" title=\"Next\"><\/button>\n<\/div>\n\n\n\n<div style=\"height:30px\" aria-hidden=\"true\" class=\"wp-block-spacer\"><\/div>\n\n\n\n<p class=\"has-text-align-center\">LACE LINGERIE<br>Set from \u20ac 130.-<br>(each from \u20ac 65.-)<br>Utterly chic and comfortable lingerie, available as a set or separately (also part of a <a href=\"https:\/\/www.atelierlav.com\/kleidung\/anzuege-und-monolooks\/\">monolook.<\/a>).<br><a href=\"https:\/\/www.atelierlav.com\/plastikfrei\">Plastic free<\/a>, in different materials (organic cotton jersey, cotton tulle, hemp) and a variation of colorations, colours as well as patterns possible.<br>All sizes.<br>Model: Verena<\/p>\n\n\n\n<p class=\"has-text-align-center\">Part of the House of LAV special edition <em><a href=\"https:\/\/www.atelierlav.com\/houseoflav\/light-lines\">Light\/Lines<\/a><\/em><\/p>\n\n\n\n<div style=\"height:100px\" aria-hidden=\"true\" class=\"wp-block-spacer\"><\/div>\n\n\n<style type=\"text\/css\">\n#foogallery-gallery-3405 .fg-image { width: 170px; }<\/style>\n\t\t\t<div class=\"foogallery foogallery-container foogallery-carousel foogallery-lightbox-foobox fg-carousel-hide-pagination fg-carousel-hide-progress-bar fg-carousel fg-ready fg-light fg-loading-default fg-loaded-fade-in fg-hover-fade fg-hover-eye fg-light-overlays\" id=\"foogallery-gallery-3405\" data-foogallery=\"{&quot;item&quot;:{&quot;showCaptionTitle&quot;:true,&quot;showCaptionDescription&quot;:false},&quot;lazy&quot;:true,&quot;template&quot;:{&quot;maxItems&quot;:9,&quot;scale&quot;:0.12,&quot;gutter&quot;:{&quot;min&quot;:-40,&quot;max&quot;:-20,&quot;unit&quot;:&quot;%&quot;},&quot;autoplay&quot;:{&quot;time&quot;:0,&quot;interaction&quot;:&quot;pause&quot;},&quot;centerOnClick&quot;:true,&quot;align&quot;:&quot;center&quot;,&quot;activePosition&quot;:&quot;center&quot;}}\" style=\"--fg-title-line-clamp: 0; --fg-description-line-clamp: 0;\" >\n\t<button type=\"button\" class=\"fg-carousel-prev\" title=\"Previous\"><\/button>\n\t<div class=\"fg-carousel-inner\">\n\t\t<div class=\"fg-carousel-center\"><\/div>\n\t\t<div class=\"fg-item fg-type-image fg-idle\"><figure class=\"fg-item-inner\"><a href=\"https:\/\/www.atelierlav.com\/wp-content\/uploads\/2023\/03\/DB9ECBE4-98C3-48D0-B453-B0B5E123084A-scaled.jpeg\" data-caption-title=\"Light\/Lines - Srunchie und saumlose W\u00e4sche Interlock\" data-attachment-id=\"3561\" data-type=\"image\" class=\"fg-thumb\"><span class=\"fg-image-wrap\"><img decoding=\"async\" width=\"170\" height=\"170\" class=\"skip-lazy fg-image\" data-src-fg=\"https:\/\/www.atelierlav.com\/wp-content\/uploads\/cache\/2023\/03\/DB9ECBE4-98C3-48D0-B453-B0B5E123084A-scaled\/1148601474.jpeg\" src=\"data:image\/svg+xml,%3Csvg%20xmlns%3D%22http%3A%2F%2Fwww.w3.org%2F2000%2Fsvg%22%20width%3D%22170%22%20height%3D%22170%22%20viewBox%3D%220%200%20170%20170%22%3E%3C%2Fsvg%3E\" loading=\"eager\"><\/span><span class=\"fg-image-overlay\"><\/span><\/a><figcaption class=\"fg-caption\"><div class=\"fg-caption-inner\"><div class=\"fg-caption-title\">Light\/Lines - scrunchie and seamless lingerie interlock<\/div><\/div><\/figcaption><\/figure><div class=\"fg-loader\"><\/div><\/div><div class=\"fg-item fg-type-image fg-idle\"><figure class=\"fg-item-inner\"><a href=\"https:\/\/www.atelierlav.com\/wp-content\/uploads\/2023\/03\/75D79870-0429-47AC-9A27-55D81CF54287.png\" data-caption-title=\"saumlose Interlock-W\u00e4sche und \u00e4rmelloses T\u00fcll-Shirt Baumwolle; Scrunchie und Shorts Hanfstrick - alles natur (plastikfrei)\" data-attachment-id=\"3521\" data-type=\"image\" class=\"fg-thumb\"><span class=\"fg-image-wrap\"><img decoding=\"async\" width=\"170\" height=\"170\" class=\"skip-lazy fg-image\" data-src-fg=\"https:\/\/www.atelierlav.com\/wp-content\/uploads\/cache\/2023\/03\/75D79870-0429-47AC-9A27-55D81CF54287\/3237439606.png\" src=\"data:image\/svg+xml,%3Csvg%20xmlns%3D%22http%3A%2F%2Fwww.w3.org%2F2000%2Fsvg%22%20width%3D%22170%22%20height%3D%22170%22%20viewBox%3D%220%200%20170%20170%22%3E%3C%2Fsvg%3E\" loading=\"eager\"><\/span><span class=\"fg-image-overlay\"><\/span><\/a><figcaption class=\"fg-caption\"><div class=\"fg-caption-inner\"><div class=\"fg-caption-title\">seamless interlock lingerie and sleeveless tulle shirt cotton; scrunchie and shorts hemp knit - all ecru (plastic free)<\/div><\/div><\/figcaption><\/figure><div class=\"fg-loader\"><\/div><\/div><div class=\"fg-item fg-type-image fg-idle\"><figure class=\"fg-item-inner\"><a href=\"https:\/\/www.atelierlav.com\/wp-content\/uploads\/2023\/02\/4ECC8A77-C3CC-40B5-BE1D-3E556456EB49.jpeg\" data-caption-title=\"Saumlose W\u00e4sche Baumwoll-Interlock-Jersey natur (plastikfrei)\" data-attachment-id=\"3413\" data-type=\"image\" class=\"fg-thumb\"><span class=\"fg-image-wrap\"><img decoding=\"async\" width=\"170\" height=\"170\" class=\"skip-lazy fg-image\" data-src-fg=\"https:\/\/www.atelierlav.com\/wp-content\/uploads\/cache\/2023\/02\/4ECC8A77-C3CC-40B5-BE1D-3E556456EB49\/1575869910.jpeg\" src=\"data:image\/svg+xml,%3Csvg%20xmlns%3D%22http%3A%2F%2Fwww.w3.org%2F2000%2Fsvg%22%20width%3D%22170%22%20height%3D%22170%22%20viewBox%3D%220%200%20170%20170%22%3E%3C%2Fsvg%3E\" loading=\"eager\"><\/span><span class=\"fg-image-overlay\"><\/span><\/a><figcaption class=\"fg-caption\"><div class=\"fg-caption-inner\"><div class=\"fg-caption-title\">seamless cotton interlock jersey lingerie ecru (plastic free)<\/div><\/div><\/figcaption><\/figure><div class=\"fg-loader\"><\/div><\/div><div class=\"fg-item fg-type-image fg-idle\"><figure class=\"fg-item-inner\"><a href=\"https:\/\/www.atelierlav.com\/wp-content\/uploads\/2023\/02\/5EA04CF0-A19B-4F72-9FEB-803B947B2C77.jpeg\" data-caption-title=\"Saumlose W\u00e4sche Baumwoll-Interlock-Jersey schwarz\" data-attachment-id=\"3401\" data-type=\"image\" class=\"fg-thumb\"><span class=\"fg-image-wrap\"><img decoding=\"async\" width=\"170\" height=\"170\" class=\"skip-lazy fg-image\" data-src-fg=\"https:\/\/www.atelierlav.com\/wp-content\/uploads\/cache\/2023\/02\/5EA04CF0-A19B-4F72-9FEB-803B947B2C77\/112346211.jpeg\" src=\"data:image\/svg+xml,%3Csvg%20xmlns%3D%22http%3A%2F%2Fwww.w3.org%2F2000%2Fsvg%22%20width%3D%22170%22%20height%3D%22170%22%20viewBox%3D%220%200%20170%20170%22%3E%3C%2Fsvg%3E\" loading=\"eager\"><\/span><span class=\"fg-image-overlay\"><\/span><\/a><figcaption class=\"fg-caption\"><div class=\"fg-caption-inner\"><div class=\"fg-caption-title\">seamless cotton interlock jersey lingerie black<\/div><\/div><\/figcaption><\/figure><div class=\"fg-loader\"><\/div><\/div><div class=\"fg-item fg-type-image fg-idle\"><figure class=\"fg-item-inner\"><a href=\"https:\/\/www.atelierlav.com\/wp-content\/uploads\/2023\/03\/42BE65C6-B694-4021-8C2F-35C78A92C287.jpeg\" data-caption-title=\"saumlose Baumwoll-Interlock-W\u00e4sche; Scrunchie und Shorts Hanfstrick - alles natur (plastikfrei)\" data-attachment-id=\"3538\" data-type=\"image\" class=\"fg-thumb\"><span class=\"fg-image-wrap\"><img decoding=\"async\" width=\"170\" height=\"170\" class=\"skip-lazy fg-image\" data-src-fg=\"https:\/\/www.atelierlav.com\/wp-content\/uploads\/cache\/2023\/03\/42BE65C6-B694-4021-8C2F-35C78A92C287\/1578750744.jpeg\" src=\"data:image\/svg+xml,%3Csvg%20xmlns%3D%22http%3A%2F%2Fwww.w3.org%2F2000%2Fsvg%22%20width%3D%22170%22%20height%3D%22170%22%20viewBox%3D%220%200%20170%20170%22%3E%3C%2Fsvg%3E\" loading=\"eager\"><\/span><span class=\"fg-image-overlay\"><\/span><\/a><figcaption class=\"fg-caption\"><div class=\"fg-caption-inner\"><div class=\"fg-caption-title\">seamless cotton interlock lingerie; scrunchie and shorts hemp knit - all ecru (plastic free)<\/div><\/div><\/figcaption><\/figure><div class=\"fg-loader\"><\/div><\/div><div class=\"fg-item fg-type-image fg-idle\"><figure class=\"fg-item-inner\"><a href=\"https:\/\/www.atelierlav.com\/wp-content\/uploads\/2023\/03\/2BB5CB43-01ED-4913-B552-A51F3E6BC9D2-scaled.jpeg\" data-caption-title=\"Light\/Lines - saumlose Interlock-W\u00e4sche, T\u00fcll-Langarmshirt und Cord-Chino\" data-attachment-id=\"3551\" data-type=\"image\" class=\"fg-thumb\"><span class=\"fg-image-wrap\"><img decoding=\"async\" width=\"170\" height=\"170\" class=\"skip-lazy fg-image\" data-src-fg=\"https:\/\/www.atelierlav.com\/wp-content\/uploads\/cache\/2023\/03\/2BB5CB43-01ED-4913-B552-A51F3E6BC9D2-scaled\/1397278610.jpeg\" src=\"data:image\/svg+xml,%3Csvg%20xmlns%3D%22http%3A%2F%2Fwww.w3.org%2F2000%2Fsvg%22%20width%3D%22170%22%20height%3D%22170%22%20viewBox%3D%220%200%20170%20170%22%3E%3C%2Fsvg%3E\" loading=\"eager\"><\/span><span class=\"fg-image-overlay\"><\/span><\/a><figcaption class=\"fg-caption\"><div class=\"fg-caption-inner\"><div class=\"fg-caption-title\">Light\/Lines - seamless interlock lingerie, long sleeve tulle shirt and cord chino<\/div><\/div><\/figcaption><\/figure><div class=\"fg-loader\"><\/div><\/div>\t<\/div>\n\t<div class=\"fg-carousel-bottom\"><\/div>\n\t<div class=\"fg-carousel-progress\"><\/div>\n\t<button type=\"button\" class=\"fg-carousel-next\" title=\"Next\"><\/button>\n<\/div>\n\n\n\n<div style=\"height:30px\" aria-hidden=\"true\" class=\"wp-block-spacer\"><\/div>\n\n\n\n<p class=\"has-text-align-center\">SEAMLESS LINGERIE<br>Set from \u20ac 130.-<br>(each from \u20ac 65.-)<br>Seamless and comfortable lingerie (reversible bralette and Jazz panties), available as a set or separately (also part of a <a href=\"https:\/\/www.atelierlav.com\/kleidung\/anzuege-und-monolooks\/\">monolook.<\/a>).<br><a href=\"https:\/\/www.atelierlav.com\/plastikfrei\">Plastic free<\/a>, in different materials (organic cotton, hemp) and a variation of colorations, colours as well as patterns possible.<br>All sizes.<br>Model: Verena<\/p>\n\n\n\n<p class=\"has-text-align-center\">Part of the House of LAV special edition <em><a href=\"https:\/\/www.atelierlav.com\/houseoflav\/light-lines\">Light\/Lines<\/a><\/em><\/p>\n\n\n\n<div style=\"height:100px\" aria-hidden=\"true\" class=\"wp-block-spacer\"><\/div>\n\n\n<style type=\"text\/css\">\n#foogallery-gallery-2660 .fg-image { width: 170px; }<\/style>\n\t\t\t<div class=\"foogallery foogallery-container foogallery-carousel foogallery-lightbox-foobox fg-carousel-hide-pagination fg-carousel-hide-progress-bar fg-carousel fg-ready fg-light fg-loading-default fg-loaded-fade-in fg-hover-fade fg-hover-eye fg-light-overlays\" id=\"foogallery-gallery-2660\" data-foogallery=\"{&quot;item&quot;:{&quot;showCaptionTitle&quot;:true,&quot;showCaptionDescription&quot;:false},&quot;lazy&quot;:true,&quot;template&quot;:{&quot;maxItems&quot;:9,&quot;scale&quot;:0.12,&quot;gutter&quot;:{&quot;min&quot;:-40,&quot;max&quot;:-20,&quot;unit&quot;:&quot;%&quot;},&quot;autoplay&quot;:{&quot;time&quot;:0,&quot;interaction&quot;:&quot;pause&quot;},&quot;centerOnClick&quot;:true,&quot;align&quot;:&quot;center&quot;,&quot;activePosition&quot;:&quot;center&quot;}}\" style=\"--fg-title-line-clamp: 0; --fg-description-line-clamp: 0;\" >\n\t<button type=\"button\" class=\"fg-carousel-prev\" title=\"Previous\"><\/button>\n\t<div class=\"fg-carousel-inner\">\n\t\t<div class=\"fg-carousel-center\"><\/div>\n\t\t<div class=\"fg-item fg-type-image fg-idle\"><figure class=\"fg-item-inner\"><a href=\"https:\/\/www.atelierlav.com\/wp-content\/uploads\/2022\/08\/E53A810A-4F5B-47B1-8948-C966CAAC2697-scaled.jpeg\" data-caption-title=\"Schn\u00fcr-Bikini gr\u00fcn-t\u00fcrkis Verena\" data-attachment-id=\"2659\" data-type=\"image\" class=\"fg-thumb\"><span class=\"fg-image-wrap\"><img decoding=\"async\" width=\"170\" height=\"170\" class=\"skip-lazy fg-image\" data-src-fg=\"https:\/\/www.atelierlav.com\/wp-content\/uploads\/cache\/2022\/08\/E53A810A-4F5B-47B1-8948-C966CAAC2697-scaled\/360452746.jpeg\" src=\"data:image\/svg+xml,%3Csvg%20xmlns%3D%22http%3A%2F%2Fwww.w3.org%2F2000%2Fsvg%22%20width%3D%22170%22%20height%3D%22170%22%20viewBox%3D%220%200%20170%20170%22%3E%3C%2Fsvg%3E\" loading=\"eager\"><\/span><span class=\"fg-image-overlay\"><\/span><\/a><figcaption class=\"fg-caption\"><div class=\"fg-caption-inner\"><div class=\"fg-caption-title\">lace-up bikini green-turquoise Verena<\/div><\/div><\/figcaption><\/figure><div class=\"fg-loader\"><\/div><\/div><div class=\"fg-item fg-type-image fg-idle\"><figure class=\"fg-item-inner\"><a href=\"https:\/\/www.atelierlav.com\/wp-content\/uploads\/2022\/08\/B668FEEE-FC65-49A0-A2BC-8D12CBB330A9.jpeg\" data-caption-title=\"Schn\u00fcr-Bikini gr\u00fcn-t\u00fcrkis\" data-attachment-id=\"2657\" data-type=\"image\" class=\"fg-thumb\"><span class=\"fg-image-wrap\"><img decoding=\"async\" width=\"170\" height=\"170\" class=\"skip-lazy fg-image\" data-src-fg=\"https:\/\/www.atelierlav.com\/wp-content\/uploads\/cache\/2022\/08\/B668FEEE-FC65-49A0-A2BC-8D12CBB330A9\/2778631153.jpeg\" src=\"data:image\/svg+xml,%3Csvg%20xmlns%3D%22http%3A%2F%2Fwww.w3.org%2F2000%2Fsvg%22%20width%3D%22170%22%20height%3D%22170%22%20viewBox%3D%220%200%20170%20170%22%3E%3C%2Fsvg%3E\" loading=\"eager\"><\/span><span class=\"fg-image-overlay\"><\/span><\/a><figcaption class=\"fg-caption\"><div class=\"fg-caption-inner\"><div class=\"fg-caption-title\">lace-up bikini green-turquoise<\/div><\/div><\/figcaption><\/figure><div class=\"fg-loader\"><\/div><\/div><div class=\"fg-item fg-type-image fg-idle\"><figure class=\"fg-item-inner\"><a href=\"https:\/\/www.atelierlav.com\/wp-content\/uploads\/2022\/08\/CA07D040-D6CB-4303-9A5E-66E26AA502D7.png\" data-caption-title=\"Schn\u00fcr-Bikini gr\u00fcn-t\u00fcrkis Verena\" data-attachment-id=\"2656\" data-type=\"image\" class=\"fg-thumb\"><span class=\"fg-image-wrap\"><img decoding=\"async\" width=\"170\" height=\"170\" class=\"skip-lazy fg-image\" data-src-fg=\"https:\/\/www.atelierlav.com\/wp-content\/uploads\/cache\/2022\/08\/CA07D040-D6CB-4303-9A5E-66E26AA502D7\/2159451870.png\" src=\"data:image\/svg+xml,%3Csvg%20xmlns%3D%22http%3A%2F%2Fwww.w3.org%2F2000%2Fsvg%22%20width%3D%22170%22%20height%3D%22170%22%20viewBox%3D%220%200%20170%20170%22%3E%3C%2Fsvg%3E\" loading=\"eager\"><\/span><span class=\"fg-image-overlay\"><\/span><\/a><figcaption class=\"fg-caption\"><div class=\"fg-caption-inner\"><div class=\"fg-caption-title\">lace-up bikini green-turquoise Verena<\/div><\/div><\/figcaption><\/figure><div class=\"fg-loader\"><\/div><\/div>\t<\/div>\n\t<div class=\"fg-carousel-bottom\"><\/div>\n\t<div class=\"fg-carousel-progress\"><\/div>\n\t<button type=\"button\" class=\"fg-carousel-next\" title=\"Next\"><\/button>\n<\/div>\n\n\n\n<div style=\"height:30px\" aria-hidden=\"true\" class=\"wp-block-spacer\"><\/div>\n\n\n\n<p class=\"has-text-align-center\">LACE-UP BIKINI<br>Set from \u20ac 130.-<br>(each from \u20ac 65.-)<br>Chic lace-up bikini, available as a set or separately.<br>Created from recycled polyamide and possible in different colours as well as prints.<br>All sizes.<br>Model: Verena<\/p>","protected":false},"excerpt":{"rendered":"<p>SCHN\u00dcRDL-W\u00c4SCHESet ab \u20ac 130.-(je ab \u20ac 65.-)Eine \u00e4u\u00dferst schicke und bequeme W\u00e4sche, als Set oder &hellip; <\/p>","protected":false},"author":1,"featured_media":0,"parent":154,"menu_order":7,"comment_status":"closed","ping_status":"closed","template":"","meta":{"footnotes":""},"class_list":["post-2590","page","type-page","status-publish","hentry"],"jetpack_sharing_enabled":true,"_links":{"self":[{"href":"https:\/\/www.atelierlav.com\/en\/wp-json\/wp\/v2\/pages\/2590","targetHints":{"allow":["GET"]}}],"collection":[{"href":"https:\/\/www.atelierlav.com\/en\/wp-json\/wp\/v2\/pages"}],"about":[{"href":"https:\/\/www.atelierlav.com\/en\/wp-json\/wp\/v2\/types\/page"}],"author":[{"embeddable":true,"href":"https:\/\/www.atelierlav.com\/en\/wp-json\/wp\/v2\/users\/1"}],"replies":[{"embeddable":true,"href":"https:\/\/www.atelierlav.com\/en\/wp-json\/wp\/v2\/comments?post=2590"}],"version-history":[{"count":29,"href":"https:\/\/www.atelierlav.com\/en\/wp-json\/wp\/v2\/pages\/2590\/revisions"}],"predecessor-version":[{"id":5278,"href":"https:\/\/www.atelierlav.com\/en\/wp-json\/wp\/v2\/pages\/2590\/revisions\/5278"}],"up":[{"embeddable":true,"href":"https:\/\/www.atelierlav.com\/en\/wp-json\/wp\/v2\/pages\/154"}],"wp:attachment":[{"href":"https:\/\/www.atelierlav.com\/en\/wp-json\/wp\/v2\/media?parent=2590"}],"curies":[{"name":"wp","href":"https:\/\/api.w.org\/{rel}","templated":true}]}}